{"id":82,"date":"2021-12-16T12:19:17","date_gmt":"2021-12-16T11:19:17","guid":{"rendered":"https:\/\/mbrdlugoszyn.pl\/?page_id=82"},"modified":"2021-12-16T20:09:09","modified_gmt":"2021-12-16T19:09:09","slug":"kontakt","status":"publish","type":"page","link":"https:\/\/mbrdlugoszyn.pl\/?page_id=82","title":{"rendered":"kontakt"},"content":{"rendered":"\n<p>Parafia rzymskokatolicka pw. Matki Bo\u017cej R\u00f3\u017ca\u0144cowej<\/p>\n\n\n\n<p>D\u0142ugoszyn 10, 69-200 Sul\u0119cin<\/p>\n\n\n\n<p>e-mail: <a href=\"mailto:dlugoszyn@diecezjazg.pl\">dlugoszyn@diecezjazg.pl<\/a><\/p>\n\n\n\n<p>tel.: \/95\/ 755 21 72       <\/p>\n\n\n\n<p>kom.: 507 665 970<\/p>\n\n\n\n<p>Bank PEKAO SA I o. w Sul\u0119cinie<\/p>\n\n\n\n<p>nr konta: 27 1240 3624 1111 0010 8465 9285 <\/p>\n","protected":false},"excerpt":{"rendered":"<p>Parafia rzymskokatolicka pw. Matki Bo\u017cej R\u00f3\u017ca\u0144cowej D\u0142ugoszyn 10, 69-200 Sul\u0119cin e-mail: dlugoszyn@diecezjazg.pl tel.: \/95\/ 755 21 72 kom.: 507 665 970 Bank PEKAO SA I o. w Sul\u0119cinie nr konta: 27 1240 3624 1111 0010 8465 9285<\/p>\n","protected":false},"author":1,"featured_media":0,"parent":0,"menu_order":0,"comment_status":"closed","ping_status":"closed","template":"","meta":[],"_links":{"self":[{"href":"https:\/\/mbrdlugoszyn.pl\/index.php?rest_route=\/wp\/v2\/pages\/82"}],"collection":[{"href":"https:\/\/mbrdlugoszyn.pl\/index.php?rest_route=\/wp\/v2\/pages"}],"about":[{"href":"https:\/\/mbrdlugoszyn.pl\/index.php?rest_route=\/wp\/v2\/types\/page"}],"author":[{"embeddable":true,"href":"https:\/\/mbrdlugoszyn.pl\/index.php?rest_route=\/wp\/v2\/users\/1"}],"replies":[{"embeddable":true,"href":"https:\/\/mbrdlugoszyn.pl\/index.php?rest_route=%2Fwp%2Fv2%2Fcomments&post=82"}],"version-history":[{"count":3,"href":"https:\/\/mbrdlugoszyn.pl\/index.php?rest_route=\/wp\/v2\/pages\/82\/revisions"}],"predecessor-version":[{"id":115,"href":"https:\/\/mbrdlugoszyn.pl\/index.php?rest_route=\/wp\/v2\/pages\/82\/revisions\/115"}],"wp:attachment":[{"href":"https:\/\/mbrdlugoszyn.pl\/index.php?rest_route=%2Fwp%2Fv2%2Fmedia&parent=82"}],"curies":[{"name":"wp","href":"https:\/\/api.w.org\/{rel}","templated":true}]}}