{"id":79,"date":"2021-12-16T12:11:35","date_gmt":"2021-12-16T11:11:35","guid":{"rendered":"https:\/\/mbrdlugoszyn.pl\/?page_id=79"},"modified":"2024-08-08T21:44:57","modified_gmt":"2024-08-08T19:44:57","slug":"nabozenstwa","status":"publish","type":"page","link":"https:\/\/mbrdlugoszyn.pl\/?page_id=79","title":{"rendered":"nabo\u017ce\u0144stwa"},"content":{"rendered":"\n<p><strong>Msze \u015bw. w niedziele i uroczysto\u015bci:<\/strong><\/p>\n\n\n\n<p>8.30 &#8211; Drogomin<\/p>\n\n\n\n<p>10.00 &#8211; Trzeb\u00f3w (w latach nieparzystych) <\/p>\n\n\n\n<p>10.00 &#8211; Brze\u017ano (w latach parzystych)<\/p>\n\n\n\n<p>11.30 &#8211; D\u0142ugoszyn<\/p>\n\n\n\n<p>13.00 &#8211; Brze\u017ano (w latach nieparzystych)<\/p>\n\n\n\n<p>13.00 &#8211; Trzeb\u00f3w (w latach parzystych)<\/p>\n\n\n\n<p><\/p>\n\n\n\n<p><strong>Msze \u015bw. w dni powszednie:<\/strong><\/p>\n\n\n\n<ul><li>w okresie letnim (gdy obowi\u0105zuje czas letni: kwiecie\u0144 &#8211; pa\u017adziernik) o godz.: 18.00:<ul><li>wtorek &#8211; Brze\u017ano<\/li><li>\u015broda &#8211; D\u0142ugoszyn<\/li><li>czwartek &#8211; Drogomin<\/li><li>pi\u0105tek &#8211; Trzeb\u00f3w<\/li><li>sobota &#8211; D\u0142ugoszyn<\/li><\/ul><\/li><li>w okresie zimowym (gdy obowi\u0105zuje czas zimowy: listopad &#8211; marzec) o godz.: 17.00:<ul><li>wtorek &#8211; Brze\u017ano<\/li><\/ul><ul><li>\u015broda &#8211; D\u0142ugoszyn<\/li><li>czwartek &#8211; Drogomin<\/li><li>pi\u0105tek &#8211; Trzeb\u00f3w<\/li><li>sobota &#8211; D\u0142ugoszyn<\/li><\/ul><\/li><\/ul>\n\n\n\n<p><\/p>\n\n\n\n<p><strong>Spowied\u017a \u015bw.:<\/strong><\/p>\n\n\n\n<ul><li>w dni powszednie &#8211; p\u00f3\u0142 godziny przed ka\u017cd\u0105 Msz\u0105 \u015bw.<\/li><li>w niedziel\u0119 &#8211; w ramach mo\u017cliwo\u015bci przed Msz\u0105 \u015bw.<\/li><\/ul>\n\n\n\n<p><\/p>\n\n\n\n<p>Inne nabo\u017ce\u0144stwa:<\/p>\n\n\n\n<ul><li>Godzinki o Niepokalanym Pocz\u0119ciu NMP &#8211; w ka\u017cd\u0105 niedziel\u0119 o 8.20 w Drogominie<\/li><li>R\u00f3\u017caniec prowadzony przez parafian 25 minut przed ka\u017cd\u0105 Msz\u0105 \u015bw.<\/li><li>R\u00f3\u017caniec Fatimski I-sobotni &#8211; w ka\u017cd\u0105 pierwsz\u0105 sobot\u0119 miesi\u0105ca na godzin\u0119 przed Msz\u0105 \u015bw. w D\u0142ugoszynie<\/li><li>Nabo\u017ce\u0144stwa Fatimskie &#8211; od maja do pa\u017adziernika w 13 dzie\u0144 miesi\u0105ca o 18.00 w Trzebowie<\/li><li>Nowenna ku czci \u015bw. Rity &#8211; od maja do pa\u017adziernika w ostatni\u0105 sobot\u0119 miesi\u0105ca o 18.00 w D\u0142ugoszynie<\/li><\/ul>\n\n\n\n<p><\/p>\n","protected":false},"excerpt":{"rendered":"<p>Msze \u015bw. w niedziele i uroczysto\u015bci: 8.30 &#8211; Drogomin 10.00 &#8211; Trzeb\u00f3w (w latach nieparzystych) 10.00 &#8211; Brze\u017ano (w latach parzystych) 11.30 &#8211; D\u0142ugoszyn 13.00 &#8211; Brze\u017ano (w latach nieparzystych) 13.00 &#8211; Trzeb\u00f3w (w latach parzystych) Msze \u015bw. w dni powszednie: w okresie letnim (gdy obowi\u0105zuje czas letni: kwiecie\u0144 &#8211; pa\u017adziernik) o godz.: 18.00: wtorek [&hellip;]<\/p>\n","protected":false},"author":1,"featured_media":0,"parent":0,"menu_order":0,"comment_status":"closed","ping_status":"closed","template":"","meta":[],"_links":{"self":[{"href":"https:\/\/mbrdlugoszyn.pl\/index.php?rest_route=\/wp\/v2\/pages\/79"}],"collection":[{"href":"https:\/\/mbrdlugoszyn.pl\/index.php?rest_route=\/wp\/v2\/pages"}],"about":[{"href":"https:\/\/mbrdlugoszyn.pl\/index.php?rest_route=\/wp\/v2\/types\/page"}],"author":[{"embeddable":true,"href":"https:\/\/mbrdlugoszyn.pl\/index.php?rest_route=\/wp\/v2\/users\/1"}],"replies":[{"embeddable":true,"href":"https:\/\/mbrdlugoszyn.pl\/index.php?rest_route=%2Fwp%2Fv2%2Fcomments&post=79"}],"version-history":[{"count":4,"href":"https:\/\/mbrdlugoszyn.pl\/index.php?rest_route=\/wp\/v2\/pages\/79\/revisions"}],"predecessor-version":[{"id":1063,"href":"https:\/\/mbrdlugoszyn.pl\/index.php?rest_route=\/wp\/v2\/pages\/79\/revisions\/1063"}],"wp:attachment":[{"href":"https:\/\/mbrdlugoszyn.pl\/index.php?rest_route=%2Fwp%2Fv2%2Fmedia&parent=79"}],"curies":[{"name":"wp","href":"https:\/\/api.w.org\/{rel}","templated":true}]}}