{"id":77,"date":"2021-12-16T12:11:24","date_gmt":"2021-12-16T11:11:24","guid":{"rendered":"https:\/\/mbrdlugoszyn.pl\/?page_id=77"},"modified":"2021-12-16T20:08:13","modified_gmt":"2021-12-16T19:08:13","slug":"kancelaria-parafialna","status":"publish","type":"page","link":"https:\/\/mbrdlugoszyn.pl\/?page_id=77","title":{"rendered":"kancelaria parafialna"},"content":{"rendered":"\n<p> <strong>W okresie zimowym<\/strong> (przez okres obowi\u0105zywania czasu zimowego):<\/p>\n\n\n\n<p>w \u015brody 15.00 &#8211; 16.00,<\/p>\n\n\n\n<p>w soboty 10.00 &#8211; 11.00.<\/p>\n\n\n\n<p><strong>W okresie letnim<\/strong> (okres obowi\u0105zywania czasu letniego):<\/p>\n\n\n\n<p>w \u015brody 16.00 &#8211; 17.00,<\/p>\n\n\n\n<p>w soboty 10.00 &#8211; 11.00.<\/p>\n","protected":false},"excerpt":{"rendered":"<p>W okresie zimowym (przez okres obowi\u0105zywania czasu zimowego): w \u015brody 15.00 &#8211; 16.00, w soboty 10.00 &#8211; 11.00. W okresie letnim (okres obowi\u0105zywania czasu letniego): w \u015brody 16.00 &#8211; 17.00, w soboty 10.00 &#8211; 11.00.<\/p>\n","protected":false},"author":1,"featured_media":0,"parent":0,"menu_order":0,"comment_status":"closed","ping_status":"closed","template":"","meta":[],"_links":{"self":[{"href":"https:\/\/mbrdlugoszyn.pl\/index.php?rest_route=\/wp\/v2\/pages\/77"}],"collection":[{"href":"https:\/\/mbrdlugoszyn.pl\/index.php?rest_route=\/wp\/v2\/pages"}],"about":[{"href":"https:\/\/mbrdlugoszyn.pl\/index.php?rest_route=\/wp\/v2\/types\/page"}],"author":[{"embeddable":true,"href":"https:\/\/mbrdlugoszyn.pl\/index.php?rest_route=\/wp\/v2\/users\/1"}],"replies":[{"embeddable":true,"href":"https:\/\/mbrdlugoszyn.pl\/index.php?rest_route=%2Fwp%2Fv2%2Fcomments&post=77"}],"version-history":[{"count":3,"href":"https:\/\/mbrdlugoszyn.pl\/index.php?rest_route=\/wp\/v2\/pages\/77\/revisions"}],"predecessor-version":[{"id":114,"href":"https:\/\/mbrdlugoszyn.pl\/index.php?rest_route=\/wp\/v2\/pages\/77\/revisions\/114"}],"wp:attachment":[{"href":"https:\/\/mbrdlugoszyn.pl\/index.php?rest_route=%2Fwp%2Fv2%2Fmedia&parent=77"}],"curies":[{"name":"wp","href":"https:\/\/api.w.org\/{rel}","templated":true}]}}