{"id":1055,"date":"2024-08-08T21:27:28","date_gmt":"2024-08-08T19:27:28","guid":{"rendered":"https:\/\/mbrdlugoszyn.pl\/?page_id=1055"},"modified":"2024-08-10T16:53:43","modified_gmt":"2024-08-10T14:53:43","slug":"standardy-ochrony-maloletnich","status":"publish","type":"page","link":"https:\/\/mbrdlugoszyn.pl\/?page_id=1055","title":{"rendered":"standardy ochrony ma\u0142oletnich"},"content":{"rendered":"\n<p><strong>Standardy ochrony ma\u0142oletnich w duszpasterstwie<\/strong> <strong>parafii D\u0142ugoszyn<\/strong><\/p>\n\n\n\n<p>Przedstawione poni\u017cej standardy ochrony ma\u0142oletnich wynikaj\u0105 z ustaw z dnia, 28 lipca 2023 r. \u2013 tzw \u201eUstawa Kamilka\u201d oraz ze wskaza\u0144 <em>Wytycznych<\/em> <em>Ko\u015bcio\u0142a katolickiego w Polsce<\/em>.<\/p>\n\n\n\n<p>Obowi\u0105zuj\u0105 w parafii D\u0142ugoszyn od 15 sierpnia 2024 r.<\/p>\n\n\n\n<p><strong>Parafialny zesp\u00f3\u0142 ds. prewencji:<\/strong><\/p>\n\n\n\n<p>Osoba odpowiedzialna za standardy ochrony ma\u0142oletnich:<\/p>\n\n\n\n<p>&nbsp;&nbsp;&nbsp;&nbsp;&nbsp;&nbsp;&nbsp;&nbsp;&nbsp; &#8211; ks. Daniel Dydak \u2013 proboszcz Parafii, nr tel.: <strong>507&nbsp;665&nbsp;970.<\/strong><\/p>\n\n\n\n<p>Osoba zaufana oraz odpowiedzialna za interwencj\u0119, do kt\u00f3rej zg\u0142aszamy zdarzenia dotycz\u0105ce przemocy:<\/p>\n\n\n\n<p>&nbsp;&nbsp;&nbsp;&nbsp;&nbsp;&nbsp;&nbsp;&nbsp;&nbsp; &#8211; pani Anna Czwali\u0144ska \u2013 katechetka, nr tel.: <strong>667&nbsp;497&nbsp;771.<\/strong><\/p>\n\n\n\n<p>Standardy ochrony s\u0105 dost\u0119pne w parafii i podane do publicznej wiadomo\u015bci&nbsp;(na stronie internetowej parafii oraz w zakrystiach naszych ko\u015bcio\u0142\u00f3w).<\/p>\n\n\n\n<p>Szczeg\u00f3\u0142owe standardy, obowi\u0105zuj\u0105ce w parafii, mo\u017cna pobra\u0107 poni\u017cej, klikaj\u0105c na przycisk: pobierz.<\/p>\n\n\n\n<div class=\"wp-block-file\"><a href=\"https:\/\/mbrdlugoszyn.pl\/wp-content\/uploads\/2024\/08\/Standardy-Parafia-Dlugoszyn-strona-parafialna.docx\">Standardy-Parafia-Dlugoszyn-strona-parafialna<\/a><a href=\"https:\/\/mbrdlugoszyn.pl\/wp-content\/uploads\/2024\/08\/Standardy-Parafia-Dlugoszyn-strona-parafialna.docx\" class=\"wp-block-file__button\" download>Pobierz<\/a><\/div>\n\n\n\n<p><\/p>\n","protected":false},"excerpt":{"rendered":"<p>Standardy ochrony ma\u0142oletnich w duszpasterstwie parafii D\u0142ugoszyn Przedstawione poni\u017cej standardy ochrony ma\u0142oletnich wynikaj\u0105 z ustaw z dnia, 28 lipca 2023 r. \u2013 tzw \u201eUstawa Kamilka\u201d oraz ze wskaza\u0144 Wytycznych Ko\u015bcio\u0142a katolickiego w Polsce. Obowi\u0105zuj\u0105 w parafii D\u0142ugoszyn od 15 sierpnia 2024 r. Parafialny zesp\u00f3\u0142 ds. prewencji: Osoba odpowiedzialna za standardy ochrony ma\u0142oletnich: &nbsp;&nbsp;&nbsp;&nbsp;&nbsp;&nbsp;&nbsp;&nbsp;&nbsp; &#8211; ks. [&hellip;]<\/p>\n","protected":false},"author":1,"featured_media":0,"parent":0,"menu_order":0,"comment_status":"closed","ping_status":"closed","template":"","meta":[],"_links":{"self":[{"href":"https:\/\/mbrdlugoszyn.pl\/index.php?rest_route=\/wp\/v2\/pages\/1055"}],"collection":[{"href":"https:\/\/mbrdlugoszyn.pl\/index.php?rest_route=\/wp\/v2\/pages"}],"about":[{"href":"https:\/\/mbrdlugoszyn.pl\/index.php?rest_route=\/wp\/v2\/types\/page"}],"author":[{"embeddable":true,"href":"https:\/\/mbrdlugoszyn.pl\/index.php?rest_route=\/wp\/v2\/users\/1"}],"replies":[{"embeddable":true,"href":"https:\/\/mbrdlugoszyn.pl\/index.php?rest_route=%2Fwp%2Fv2%2Fcomments&post=1055"}],"version-history":[{"count":4,"href":"https:\/\/mbrdlugoszyn.pl\/index.php?rest_route=\/wp\/v2\/pages\/1055\/revisions"}],"predecessor-version":[{"id":1065,"href":"https:\/\/mbrdlugoszyn.pl\/index.php?rest_route=\/wp\/v2\/pages\/1055\/revisions\/1065"}],"wp:attachment":[{"href":"https:\/\/mbrdlugoszyn.pl\/index.php?rest_route=%2Fwp%2Fv2%2Fmedia&parent=1055"}],"curies":[{"name":"wp","href":"https:\/\/api.w.org\/{rel}","templated":true}]}}